{"id":547,"date":"2020-09-13T03:02:01","date_gmt":"2020-09-13T03:02:01","guid":{"rendered":"http:\/\/carlosferridrc.com\/?page_id=547"},"modified":"2020-09-17T18:28:05","modified_gmt":"2020-09-17T18:28:05","slug":"mi-blog","status":"publish","type":"page","link":"https:\/\/carlosferridrc.com\/?page_id=547","title":{"rendered":"Mi Blog"},"content":{"rendered":"\t\t<div data-elementor-type=\"wp-post\" data-elementor-id=\"547\" class=\"elementor elementor-547\" data-elementor-settings=\"[]\">\n\t\t\t\t\t\t<div class=\"elementor-inner\">\n\t\t\t\t\t\t\t<div class=\"elementor-section-wrap\">\n\t\t\t\t\t\t\t<section class=\"elementor-section elementor-top-section elementor-element elementor-element-2d35ba3 elementor-section-boxed elementor-section-height-default elementor-section-height-default\" data-id=\"2d35ba3\" data-element_type=\"section\" data-settings=\"{&quot;_ha_eqh_enable&quot;:false}\">\n\t\t\t\t\t\t<div class=\"elementor-container elementor-column-gap-default\">\n\t\t\t\t\t\t\t<div class=\"elementor-row\">\n\t\t\t\t\t<div class=\"elementor-column elementor-col-66 elementor-top-column elementor-element elementor-element-93a321d\" data-id=\"93a321d\" data-element_type=\"column\">\n\t\t\t<div class=\"elementor-column-wrap elementor-element-populated\">\n\t\t\t\t\t\t\t<div class=\"elementor-widget-wrap\">\n\t\t\t\t\t\t<div class=\"elementor-element elementor-element-1ebed56 elementor-widget elementor-widget-html\" data-id=\"1ebed56\" data-element_type=\"widget\" data-widget_type=\"html.default\">\n\t\t\t\t<div class=\"elementor-widget-container\">\n\t\t\t<style>.wp-show-posts-columns#wpsp-683 {margin-left: -2em; }.wp-show-posts-columns#wpsp-683 .wp-show-posts-inner {margin: 0 0 2em 2em; }<\/style><section id=\"wpsp-683\" class=\" wp-show-posts\" style=\"\"><article class=\" wp-show-posts-single wpsp-clearfix post-632 post type-post status-publish format-standard has-post-thumbnail hentry category-uncategorized\" itemtype=\"http:\/\/schema.org\/CreativeWork\" itemscope><div class=\"wp-show-posts-inner\" style=\"\">\t\t\t\t\t\t<header class=\"wp-show-posts-entry-header\">\n\t\t\t\t\t\t\t<h2 class=\"wp-show-posts-entry-title\" itemprop=\"headline\"><a href=\"https:\/\/carlosferridrc.com\/?p=632\" rel=\"bookmark\">Como Obtener Autodisciplina<\/a><\/h2><div class=\"wp-show-posts-entry-meta wp-show-posts-entry-meta-below-title post-meta-inline\"><span class=\"wp-show-posts-posted-on wp-show-posts-meta\">\n\t\t\t\t\t<a href=\"https:\/\/carlosferridrc.com\/?p=632\" title=\"5:56 pm\" rel=\"bookmark\"><time class=\"wp-show-posts-entry-date published\" datetime=\"2020-09-15T17:56:59+00:00\" itemprop=\"datePublished\">September 15, 2020<\/time><time class=\"wp-show-posts-updated\" datetime=\"2020-09-15T17:57:02+00:00\" itemprop=\"dateModified\">September 15, 2020<\/time><\/a>\n\t\t\t\t<\/span><\/div>\t\t\t\t\t\t<\/header><!-- .entry-header -->\n\t\t\t\t\t\t\t<div class=\"wp-show-posts-image  wpsp-image-center \">\n\t\t\t<a href=\"https:\/\/carlosferridrc.com\/?p=632\"  title=\"Como Obtener Autodisciplina\">\t\t\t\t\t<img src=\"https:\/\/carlosferridrc.com\/wp-content\/uploads\/2020\/09\/post-3-1200x800.jpg\" alt=\"Como Obtener Autodisciplina\" itemprop=\"image\" class=\"center\" \/>\n\t\t\t\t<\/a>\t\t<\/div>\n\t\t\t\t\t\t\t\t<div class=\"wp-show-posts-entry-summary\" itemprop=\"text\">\n\t\t\t\t\t\t\t<p>La\u00a0disciplina\u00a0es la observancia de las\u00a0reglas\u00a0de conducta y funcionamiento interno establecidas\u00a0jer\u00e1rquicamente\u00a0por una\u00a0organizaci\u00f3n\u00a0para sus miembros, as\u00ed como la\u00a0sanci\u00f3n\u00a0de las inobservancias. Presupone que las autoridades de dicha organizaci\u00f3n poseen una\u00a0facultad disciplinaria, que les&#8230;<\/p>\n\t\t\t\t\t\t<\/div><!-- .entry-summary -->\n\t\t\t\t\t<div class=\"wpsp-read-more\"><a title=\"Como Obtener Autodisciplina\" class=\"wp-show-posts-read-more\" href=\"https:\/\/carlosferridrc.com\/?p=632\">Leer Mas<\/a><\/div><div class=\"wp-show-posts-entry-meta wp-show-posts-entry-meta-below-post post-meta-stack\"><span class=\"wp-show-posts-byline wp-show-posts-meta\">\n\t\t\t\t\t<span class=\"wp-show-posts-author vcard\" itemtype=\"http:\/\/schema.org\/Person\" itemscope=\"itemscope\" itemprop=\"author\">\n\t\t\t\t\t\t<a class=\"url fn n\" href=\"https:\/\/carlosferridrc.com\/?author=1\" title=\"View all posts by revadental.clinica@gmail.com\" rel=\"author\" itemprop=\"url\">\n\t\t\t\t\t\t\t<span class=\"author-name\" itemprop=\"name\">revadental.clinica@gmail.com<\/span>\n\t\t\t\t\t\t<\/a>\n\t\t\t\t\t<\/span>\n\t\t\t\t<\/span><br \/><span class=\"wp-show-posts-comments-link wp-show-posts-meta\"><a href=\"https:\/\/carlosferridrc.com\/?p=632#respond\">Leave a comment<\/a><\/span><\/div><\/div><!-- wp-show-posts-inner --><div class=\"wpsp-clear\"><\/div><\/article><article class=\" wp-show-posts-single wpsp-clearfix post-626 post type-post status-publish format-standard has-post-thumbnail hentry category-uncategorized\" itemtype=\"http:\/\/schema.org\/CreativeWork\" itemscope><div class=\"wp-show-posts-inner\" style=\"\">\t\t\t\t\t\t<header class=\"wp-show-posts-entry-header\">\n\t\t\t\t\t\t\t<h2 class=\"wp-show-posts-entry-title\" itemprop=\"headline\"><a href=\"https:\/\/carlosferridrc.com\/?p=626\" rel=\"bookmark\">5 Consejos para crecer en tu Profesion<\/a><\/h2><div class=\"wp-show-posts-entry-meta wp-show-posts-entry-meta-below-title post-meta-inline\"><span class=\"wp-show-posts-posted-on wp-show-posts-meta\">\n\t\t\t\t\t<a href=\"https:\/\/carlosferridrc.com\/?p=626\" title=\"5:51 pm\" rel=\"bookmark\"><time class=\"wp-show-posts-entry-date published\" datetime=\"2020-09-15T17:51:08+00:00\" itemprop=\"datePublished\">September 15, 2020<\/time><time class=\"wp-show-posts-updated\" datetime=\"2020-09-15T17:51:11+00:00\" itemprop=\"dateModified\">September 15, 2020<\/time><\/a>\n\t\t\t\t<\/span><\/div>\t\t\t\t\t\t<\/header><!-- .entry-header -->\n\t\t\t\t\t\t\t<div class=\"wp-show-posts-image  wpsp-image-center \">\n\t\t\t<a href=\"https:\/\/carlosferridrc.com\/?p=626\"  title=\"5 Consejos para crecer en tu Profesion\">\t\t\t\t\t<img src=\"https:\/\/carlosferridrc.com\/wp-content\/uploads\/2020\/09\/post-2-1200x800.jpg\" alt=\"5 Consejos para crecer en tu Profesion\" itemprop=\"image\" class=\"center\" \/>\n\t\t\t\t<\/a>\t\t<\/div>\n\t\t\t\t\t\t\t\t<div class=\"wp-show-posts-entry-summary\" itemprop=\"text\">\n\t\t\t\t\t\t\t<p>El t\u00e9rmino\u00a0profesi\u00f3n\u00a0(del\u00a0lat\u00edn\u00a0professio, -\u014dnis)1\u200b designa el\u00a0oficio, empleo u ocupaci\u00f3n que se ejerce a cambio de una\u00a0retribuci\u00f3n. Igualmente, define el conjunto de profesionales que la ejercen. La actividad profesional requiere\u00a0conocimiento especializado,\u00a0formaci\u00f3n profesional\u00a0(capacitaci\u00f3n&#8230;<\/p>\n\t\t\t\t\t\t<\/div><!-- .entry-summary -->\n\t\t\t\t\t<div class=\"wpsp-read-more\"><a title=\"5 Consejos para crecer en tu Profesion\" class=\"wp-show-posts-read-more\" href=\"https:\/\/carlosferridrc.com\/?p=626\">Leer Mas<\/a><\/div><div class=\"wp-show-posts-entry-meta wp-show-posts-entry-meta-below-post post-meta-stack\"><span class=\"wp-show-posts-byline wp-show-posts-meta\">\n\t\t\t\t\t<span class=\"wp-show-posts-author vcard\" itemtype=\"http:\/\/schema.org\/Person\" itemscope=\"itemscope\" itemprop=\"author\">\n\t\t\t\t\t\t<a class=\"url fn n\" href=\"https:\/\/carlosferridrc.com\/?author=1\" title=\"View all posts by revadental.clinica@gmail.com\" rel=\"author\" itemprop=\"url\">\n\t\t\t\t\t\t\t<span class=\"author-name\" itemprop=\"name\">revadental.clinica@gmail.com<\/span>\n\t\t\t\t\t\t<\/a>\n\t\t\t\t\t<\/span>\n\t\t\t\t<\/span><br \/><span class=\"wp-show-posts-comments-link wp-show-posts-meta\"><a href=\"https:\/\/carlosferridrc.com\/?p=626#respond\">Leave a comment<\/a><\/span><\/div><\/div><!-- wp-show-posts-inner --><div class=\"wpsp-clear\"><\/div><\/article><article class=\" wp-show-posts-single wpsp-clearfix post-1 post type-post status-publish format-standard has-post-thumbnail hentry category-uncategorized\" itemtype=\"http:\/\/schema.org\/CreativeWork\" itemscope><div class=\"wp-show-posts-inner\" style=\"\">\t\t\t\t\t\t<header class=\"wp-show-posts-entry-header\">\n\t\t\t\t\t\t\t<h2 class=\"wp-show-posts-entry-title\" itemprop=\"headline\"><a href=\"https:\/\/carlosferridrc.com\/?p=1\" rel=\"bookmark\">Odontologo<\/a><\/h2><div class=\"wp-show-posts-entry-meta wp-show-posts-entry-meta-below-title post-meta-inline\"><span class=\"wp-show-posts-posted-on wp-show-posts-meta\">\n\t\t\t\t\t<a href=\"https:\/\/carlosferridrc.com\/?p=1\" title=\"3:05 am\" rel=\"bookmark\"><time class=\"wp-show-posts-entry-date published\" datetime=\"2020-08-30T03:05:51+00:00\" itemprop=\"datePublished\">August 30, 2020<\/time><time class=\"wp-show-posts-updated\" datetime=\"2020-09-15T17:54:15+00:00\" itemprop=\"dateModified\">September 15, 2020<\/time><\/a>\n\t\t\t\t<\/span><\/div>\t\t\t\t\t\t<\/header><!-- .entry-header -->\n\t\t\t\t\t\t\t<div class=\"wp-show-posts-image  wpsp-image-center \">\n\t\t\t<a href=\"https:\/\/carlosferridrc.com\/?p=1\"  title=\"Odontologo\">\t\t\t\t\t<img src=\"https:\/\/carlosferridrc.com\/wp-content\/uploads\/2020\/08\/post-1-1200x800.jpg\" alt=\"Odontologo\" itemprop=\"image\" class=\"center\" \/>\n\t\t\t\t<\/a>\t\t<\/div>\n\t\t\t\t\t\t\t\t<div class=\"wp-show-posts-entry-summary\" itemprop=\"text\">\n\t\t\t\t\t\t\t<p>La&nbsp;odontolog\u00eda&nbsp;es una de las&nbsp;ciencias de la salud&nbsp;que se encarga del&nbsp;diagn\u00f3stico,&nbsp;tratamiento&nbsp;y&nbsp;prevenci\u00f3n&nbsp;de las enfermedades del&nbsp;aparato estomatogn\u00e1tico, el cual incluye adem\u00e1s de los dientes, las enc\u00edas, el tejido periodontal, el&nbsp;maxilar superior, el&nbsp;maxilar inferior&nbsp;y&#8230;<\/p>\n\t\t\t\t\t\t<\/div><!-- .entry-summary -->\n\t\t\t\t\t<div class=\"wpsp-read-more\"><a title=\"Odontologo\" class=\"wp-show-posts-read-more\" href=\"https:\/\/carlosferridrc.com\/?p=1\">Leer Mas<\/a><\/div><div class=\"wp-show-posts-entry-meta wp-show-posts-entry-meta-below-post post-meta-stack\"><span class=\"wp-show-posts-byline wp-show-posts-meta\">\n\t\t\t\t\t<span class=\"wp-show-posts-author vcard\" itemtype=\"http:\/\/schema.org\/Person\" itemscope=\"itemscope\" itemprop=\"author\">\n\t\t\t\t\t\t<a class=\"url fn n\" href=\"https:\/\/carlosferridrc.com\/?author=1\" title=\"View all posts by revadental.clinica@gmail.com\" rel=\"author\" itemprop=\"url\">\n\t\t\t\t\t\t\t<span class=\"author-name\" itemprop=\"name\">revadental.clinica@gmail.com<\/span>\n\t\t\t\t\t\t<\/a>\n\t\t\t\t\t<\/span>\n\t\t\t\t<\/span><br \/><span class=\"wp-show-posts-comments-link wp-show-posts-meta\"><a href=\"https:\/\/carlosferridrc.com\/?p=1#comments\">1 Comment<\/a><\/span><\/div><\/div><!-- wp-show-posts-inner --><div class=\"wpsp-clear\"><\/div><\/article><\/section><!-- .wp-show-posts -->\t\t<\/div>\n\t\t\t\t<\/div>\n\t\t\t\t\t\t<\/div>\n\t\t\t\t\t<\/div>\n\t\t<\/div>\n\t\t\t\t<div class=\"elementor-column elementor-col-33 elementor-top-column elementor-element elementor-element-3b6ec90\" data-id=\"3b6ec90\" data-element_type=\"column\">\n\t\t\t<div class=\"elementor-column-wrap elementor-element-populated\">\n\t\t\t\t\t\t\t<div class=\"elementor-widget-wrap\">\n\t\t\t\t\t\t<div class=\"elementor-element elementor-element-0d5f525 elementor-widget elementor-widget-wp-widget-categories\" data-id=\"0d5f525\" data-element_type=\"widget\" data-widget_type=\"wp-widget-categories.default\">\n\t\t\t\t<div class=\"elementor-widget-container\">\n\t\t\t<h5>Categorias<\/h5><nav role=\"navigation\" aria-label=\"Categorias\">\n\t\t\t<ul>\n\t\t\t\t\t<li class=\"cat-item cat-item-1\"><a href=\"https:\/\/carlosferridrc.com\/?cat=1\">Uncategorized<\/a>\n<\/li>\n\t\t\t<\/ul>\n\n\t\t\t<\/nav>\t\t<\/div>\n\t\t\t\t<\/div>\n\t\t\t\t\t\t<\/div>\n\t\t\t\t\t<\/div>\n\t\t<\/div>\n\t\t\t\t\t\t\t\t<\/div>\n\t\t\t\t\t<\/div>\n\t\t<\/section>\n\t\t\t\t\t\t<\/div>\n\t\t\t\t\t\t<\/div>\n\t\t\t\t\t<\/div>\n\t\t","protected":false},"excerpt":{"rendered":"","protected":false},"author":1,"featured_media":0,"parent":519,"menu_order":0,"comment_status":"closed","ping_status":"closed","template":"","meta":[],"_links":{"self":[{"href":"https:\/\/carlosferridrc.com\/index.php?rest_route=\/wp\/v2\/pages\/547"}],"collection":[{"href":"https:\/\/carlosferridrc.com\/index.php?rest_route=\/wp\/v2\/pages"}],"about":[{"href":"https:\/\/carlosferridrc.com\/index.php?rest_route=\/wp\/v2\/types\/page"}],"author":[{"embeddable":true,"href":"https:\/\/carlosferridrc.com\/index.php?rest_route=\/wp\/v2\/users\/1"}],"replies":[{"embeddable":true,"href":"https:\/\/carlosferridrc.com\/index.php?rest_route=%2Fwp%2Fv2%2Fcomments&post=547"}],"version-history":[{"count":3,"href":"https:\/\/carlosferridrc.com\/index.php?rest_route=\/wp\/v2\/pages\/547\/revisions"}],"predecessor-version":[{"id":685,"href":"https:\/\/carlosferridrc.com\/index.php?rest_route=\/wp\/v2\/pages\/547\/revisions\/685"}],"up":[{"embeddable":true,"href":"https:\/\/carlosferridrc.com\/index.php?rest_route=\/wp\/v2\/pages\/519"}],"wp:attachment":[{"href":"https:\/\/carlosferridrc.com\/index.php?rest_route=%2Fwp%2Fv2%2Fmedia&parent=547"}],"curies":[{"name":"wp","href":"https:\/\/api.w.org\/{rel}","templated":true}]}}