{"id":676,"date":"2020-09-16T02:06:41","date_gmt":"2020-09-16T02:06:41","guid":{"rendered":"http:\/\/carlosferridrc.com\/?page_id=676"},"modified":"2020-09-16T02:09:56","modified_gmt":"2020-09-16T02:09:56","slug":"quien-soy","status":"publish","type":"page","link":"https:\/\/carlosferridrc.com\/?page_id=676","title":{"rendered":"Quien Soy"},"content":{"rendered":"\t\t<div data-elementor-type=\"wp-page\" data-elementor-id=\"676\" class=\"elementor elementor-676\" data-elementor-settings=\"[]\">\n\t\t\t\t\t\t<div class=\"elementor-inner\">\n\t\t\t\t\t\t\t<div class=\"elementor-section-wrap\">\n\t\t\t\t\t\t\t<section class=\"elementor-section elementor-top-section elementor-element elementor-element-7b032525 elementor-section-content-middle elementor-section-boxed elementor-section-height-default elementor-section-height-default\" data-id=\"7b032525\" data-element_type=\"section\" id=\"amenities\" data-settings=\"{&quot;background_background&quot;:&quot;classic&quot;,&quot;_ha_eqh_enable&quot;:false}\">\n\t\t\t\t\t\t<div class=\"elementor-container elementor-column-gap-no\">\n\t\t\t\t\t\t\t<div class=\"elementor-row\">\n\t\t\t\t\t<div class=\"elementor-column elementor-col-100 elementor-top-column elementor-element elementor-element-b031ac8\" data-id=\"b031ac8\" data-element_type=\"column\">\n\t\t\t<div class=\"elementor-column-wrap elementor-element-populated\">\n\t\t\t\t\t\t\t<div class=\"elementor-widget-wrap\">\n\t\t\t\t\t\t<div class=\"elementor-element elementor-element-82c1a67 elementor-widget elementor-widget-heading\" data-id=\"82c1a67\" data-element_type=\"widget\" data-widget_type=\"heading.default\">\n\t\t\t\t<div class=\"elementor-widget-container\">\n\t\t\t<h1 class=\"elementor-heading-title elementor-size-xl\">\u00bfQuien soy?<\/h1>\t\t<\/div>\n\t\t\t\t<\/div>\n\t\t\t\t<div class=\"elementor-element elementor-element-439b7b6 elementor-widget elementor-widget-text-editor\" data-id=\"439b7b6\" data-element_type=\"widget\" data-widget_type=\"text-editor.default\">\n\t\t\t\t<div class=\"elementor-widget-container\">\n\t\t\t\t\t<div class=\"elementor-text-editor elementor-clearfix\"><h5>Soy odontologo especialista en ortodoncia y periodoncia (UNAM, CEO).<\/h5>\nTengo 35 a\u00f1os, soy esposo, hijo y padre de familia de dos hermosas ni\u00f1as.\n<br>\nSoy master coach ontol\u00f3gico en el desarrollo personal y empresarial.<\/div>\n\t\t\t\t<\/div>\n\t\t\t\t<\/div>\n\t\t\t\t<section class=\"elementor-section elementor-inner-section elementor-element elementor-element-9f4cfb0 elementor-section-boxed elementor-section-height-default elementor-section-height-default\" data-id=\"9f4cfb0\" data-element_type=\"section\" data-settings=\"{&quot;_ha_eqh_enable&quot;:false}\">\n\t\t\t\t\t\t<div class=\"elementor-container elementor-column-gap-default\">\n\t\t\t\t\t\t\t<div class=\"elementor-row\">\n\t\t\t\t\t<div class=\"elementor-column elementor-col-50 elementor-inner-column elementor-element elementor-element-f7a7efd\" data-id=\"f7a7efd\" data-element_type=\"column\">\n\t\t\t<div class=\"elementor-column-wrap elementor-element-populated\">\n\t\t\t\t\t\t\t<div class=\"elementor-widget-wrap\">\n\t\t\t\t\t\t<div class=\"elementor-element elementor-element-0928525 elementor-widget elementor-widget-image\" data-id=\"0928525\" data-element_type=\"widget\" data-widget_type=\"image.default\">\n\t\t\t\t<div class=\"elementor-widget-container\">\n\t\t\t\t\t<div class=\"elementor-image\">\n\t\t\t\t\t\t\t\t\t\t<img width=\"475\" height=\"403\" src=\"https:\/\/carlosferridrc.com\/wp-content\/uploads\/2020\/09\/perfil-1.png\" class=\"attachment-large size-large\" alt=\"Carlos Ferri pose\" loading=\"lazy\" srcset=\"https:\/\/carlosferridrc.com\/wp-content\/uploads\/2020\/09\/perfil-1.png 475w, https:\/\/carlosferridrc.com\/wp-content\/uploads\/2020\/09\/perfil-1-300x255.png 300w\" sizes=\"(max-width: 475px) 100vw, 475px\" \/>\t\t\t\t\t\t\t\t\t\t\t<\/div>\n\t\t\t\t<\/div>\n\t\t\t\t<\/div>\n\t\t\t\t\t\t<\/div>\n\t\t\t\t\t<\/div>\n\t\t<\/div>\n\t\t\t\t<div class=\"elementor-column elementor-col-50 elementor-inner-column elementor-element elementor-element-859004d\" data-id=\"859004d\" data-element_type=\"column\">\n\t\t\t<div class=\"elementor-column-wrap elementor-element-populated\">\n\t\t\t\t\t\t\t<div class=\"elementor-widget-wrap\">\n\t\t\t\t\t\t<div class=\"elementor-element elementor-element-97289fc elementor-widget elementor-widget-text-editor\" data-id=\"97289fc\" data-element_type=\"widget\" data-widget_type=\"text-editor.default\">\n\t\t\t\t<div class=\"elementor-widget-container\">\n\t\t\t\t\t<div class=\"elementor-text-editor elementor-clearfix\"><p>Tengo m\u00e1s de 7 certificaciones las cuales me avalan y me hace una persona totalmente preparada para guiarte a sacar tu m\u00e1ximo potencial:<\/p><ul><li>Coach en programaci\u00f3n neuroling\u00fc\u00edstica<\/li><li>Coach ontol\u00f3gico<\/li><li>Coach de vida<\/li><li>Coach empresarial<\/li><li>Ventas en l\u00ednea<\/li><li>Liderazgo disruptivo<\/li><li>Recodifica tu mente<\/li><\/ul><\/div>\n\t\t\t\t<\/div>\n\t\t\t\t<\/div>\n\t\t\t\t\t\t<\/div>\n\t\t\t\t\t<\/div>\n\t\t<\/div>\n\t\t\t\t\t\t\t\t<\/div>\n\t\t\t\t\t<\/div>\n\t\t<\/section>\n\t\t\t\t<section class=\"elementor-section elementor-inner-section elementor-element elementor-element-1bacc0a elementor-section-boxed elementor-section-height-default elementor-section-height-default\" data-id=\"1bacc0a\" data-element_type=\"section\" data-settings=\"{&quot;_ha_eqh_enable&quot;:false}\">\n\t\t\t\t\t\t<div class=\"elementor-container elementor-column-gap-default\">\n\t\t\t\t\t\t\t<div class=\"elementor-row\">\n\t\t\t\t\t<div class=\"elementor-column elementor-col-50 elementor-inner-column elementor-element elementor-element-dcc74b9\" data-id=\"dcc74b9\" data-element_type=\"column\">\n\t\t\t<div class=\"elementor-column-wrap elementor-element-populated\">\n\t\t\t\t\t\t\t<div class=\"elementor-widget-wrap\">\n\t\t\t\t\t\t<div class=\"elementor-element elementor-element-e5dbfc2 elementor-widget elementor-widget-text-editor\" data-id=\"e5dbfc2\" data-element_type=\"widget\" data-widget_type=\"text-editor.default\">\n\t\t\t\t<div class=\"elementor-widget-container\">\n\t\t\t\t\t<div class=\"elementor-text-editor elementor-clearfix\"><h5>Master en odontologia Empresarial y Liderazgo<\/h5>\n\nCreador de la metodolog\u00eda, &#8220;odontolog\u00eda empresarial y liderazgo&#8221;, basada en herramientas poderosas de expansi\u00f3n de tu potencial y de tu negocio, que te llevar\u00e1n a desarrollar aquello que tanto has deseado.<\/div>\n\t\t\t\t<\/div>\n\t\t\t\t<\/div>\n\t\t\t\t\t\t<\/div>\n\t\t\t\t\t<\/div>\n\t\t<\/div>\n\t\t\t\t<div class=\"elementor-column elementor-col-50 elementor-inner-column elementor-element elementor-element-a9125a2\" data-id=\"a9125a2\" data-element_type=\"column\">\n\t\t\t<div class=\"elementor-column-wrap elementor-element-populated\">\n\t\t\t\t\t\t\t<div class=\"elementor-widget-wrap\">\n\t\t\t\t\t\t<div class=\"elementor-element elementor-element-bd36201 elementor-widget elementor-widget-image\" data-id=\"bd36201\" data-element_type=\"widget\" data-widget_type=\"image.default\">\n\t\t\t\t<div class=\"elementor-widget-container\">\n\t\t\t\t\t<div class=\"elementor-image\">\n\t\t\t\t\t\t\t\t\t\t<img width=\"475\" height=\"403\" src=\"https:\/\/carlosferridrc.com\/wp-content\/uploads\/2020\/09\/perfil-2.png\" class=\"attachment-large size-large\" alt=\"pose 2\" loading=\"lazy\" srcset=\"https:\/\/carlosferridrc.com\/wp-content\/uploads\/2020\/09\/perfil-2.png 475w, https:\/\/carlosferridrc.com\/wp-content\/uploads\/2020\/09\/perfil-2-300x255.png 300w\" sizes=\"(max-width: 475px) 100vw, 475px\" \/>\t\t\t\t\t\t\t\t\t\t\t<\/div>\n\t\t\t\t<\/div>\n\t\t\t\t<\/div>\n\t\t\t\t\t\t<\/div>\n\t\t\t\t\t<\/div>\n\t\t<\/div>\n\t\t\t\t\t\t\t\t<\/div>\n\t\t\t\t\t<\/div>\n\t\t<\/section>\n\t\t\t\t<section class=\"elementor-section elementor-inner-section elementor-element elementor-element-11c61b5 elementor-section-boxed elementor-section-height-default elementor-section-height-default\" data-id=\"11c61b5\" data-element_type=\"section\" data-settings=\"{&quot;_ha_eqh_enable&quot;:false}\">\n\t\t\t\t\t\t<div class=\"elementor-container elementor-column-gap-default\">\n\t\t\t\t\t\t\t<div class=\"elementor-row\">\n\t\t\t\t\t<div class=\"elementor-column elementor-col-50 elementor-inner-column elementor-element elementor-element-01c41bc\" data-id=\"01c41bc\" data-element_type=\"column\">\n\t\t\t<div class=\"elementor-column-wrap elementor-element-populated\">\n\t\t\t\t\t\t\t<div class=\"elementor-widget-wrap\">\n\t\t\t\t\t\t<div class=\"elementor-element elementor-element-f87f7d9 elementor-widget elementor-widget-image\" data-id=\"f87f7d9\" data-element_type=\"widget\" data-widget_type=\"image.default\">\n\t\t\t\t<div class=\"elementor-widget-container\">\n\t\t\t\t\t<div class=\"elementor-image\">\n\t\t\t\t\t\t\t\t\t\t<img width=\"475\" height=\"403\" src=\"https:\/\/carlosferridrc.com\/wp-content\/uploads\/2020\/09\/perfil-4.png\" class=\"attachment-large size-large\" alt=\"pose 3\" loading=\"lazy\" srcset=\"https:\/\/carlosferridrc.com\/wp-content\/uploads\/2020\/09\/perfil-4.png 475w, https:\/\/carlosferridrc.com\/wp-content\/uploads\/2020\/09\/perfil-4-300x255.png 300w\" sizes=\"(max-width: 475px) 100vw, 475px\" \/>\t\t\t\t\t\t\t\t\t\t\t<\/div>\n\t\t\t\t<\/div>\n\t\t\t\t<\/div>\n\t\t\t\t\t\t<\/div>\n\t\t\t\t\t<\/div>\n\t\t<\/div>\n\t\t\t\t<div class=\"elementor-column elementor-col-50 elementor-inner-column elementor-element elementor-element-d581fda\" data-id=\"d581fda\" data-element_type=\"column\">\n\t\t\t<div class=\"elementor-column-wrap elementor-element-populated\">\n\t\t\t\t\t\t\t<div class=\"elementor-widget-wrap\">\n\t\t\t\t\t\t<div class=\"elementor-element elementor-element-342799e elementor-widget elementor-widget-text-editor\" data-id=\"342799e\" data-element_type=\"widget\" data-widget_type=\"text-editor.default\">\n\t\t\t\t<div class=\"elementor-widget-container\">\n\t\t\t\t\t<div class=\"elementor-text-editor elementor-clearfix\"><h5>Liderazgo odontologico y ventas<\/h5>\n\nEn este taller te ense\u00f1ar\u00e9 todas las caracter\u00edsticas que debe de tener un buen l\u00edder, a desarrollar l\u00edderes en tu organizaci\u00f3n y equipo, tambi\u00e9n aprender\u00e1s c\u00f3mo expandir tu negocio a un modelo totalmente escalable evIncluso a resolver problemas de ra\u00edz dentro de tu organizaci\u00f3n los cuales impiden su desarrollo y expansi\u00f3n.\n\nEn esta nueva era digital, las ventas en l\u00ednea son una tendencia en desarrollo, por lo cual te llevar\u00e9 de la mano de una manera sistematizada para vender tus productos y servicios de una manera m\u00e1s eficiente y obtener mayores ingresos.<\/div>\n\t\t\t\t<\/div>\n\t\t\t\t<\/div>\n\t\t\t\t\t\t<\/div>\n\t\t\t\t\t<\/div>\n\t\t<\/div>\n\t\t\t\t\t\t\t\t<\/div>\n\t\t\t\t\t<\/div>\n\t\t<\/section>\n\t\t\t\t\t\t<\/div>\n\t\t\t\t\t<\/div>\n\t\t<\/div>\n\t\t\t\t\t\t\t\t<\/div>\n\t\t\t\t\t<\/div>\n\t\t<\/section>\n\t\t\t\t\t\t<\/div>\n\t\t\t\t\t\t<\/div>\n\t\t\t\t\t<\/div>\n\t\t","protected":false},"excerpt":{"rendered":"<p>\u00bfQuien soy? Soy odontologo especialista en ortodoncia y periodoncia (UNAM, CEO). Tengo 35 a\u00f1os, soy esposo, hijo y padre de familia de dos hermosas ni\u00f1as. Soy master coach ontol\u00f3gico en el desarrollo personal y empresarial. Tengo m\u00e1s de 7 certificaciones las cuales me avalan y me hace una persona totalmente preparada para guiarte a sacar &hellip;<\/p>\n<p class=\"read-more\"> <a class=\"\" href=\"https:\/\/carlosferridrc.com\/?page_id=676\"> <span class=\"screen-reader-text\">Quien Soy<\/span> Read More &raquo;<\/a><\/p>\n","protected":false},"author":1,"featured_media":0,"parent":519,"menu_order":0,"comment_status":"closed","ping_status":"closed","template":"","meta":[],"_links":{"self":[{"href":"https:\/\/carlosferridrc.com\/index.php?rest_route=\/wp\/v2\/pages\/676"}],"collection":[{"href":"https:\/\/carlosferridrc.com\/index.php?rest_route=\/wp\/v2\/pages"}],"about":[{"href":"https:\/\/carlosferridrc.com\/index.php?rest_route=\/wp\/v2\/types\/page"}],"author":[{"embeddable":true,"href":"https:\/\/carlosferridrc.com\/index.php?rest_route=\/wp\/v2\/users\/1"}],"replies":[{"embeddable":true,"href":"https:\/\/carlosferridrc.com\/index.php?rest_route=%2Fwp%2Fv2%2Fcomments&post=676"}],"version-history":[{"count":4,"href":"https:\/\/carlosferridrc.com\/index.php?rest_route=\/wp\/v2\/pages\/676\/revisions"}],"predecessor-version":[{"id":680,"href":"https:\/\/carlosferridrc.com\/index.php?rest_route=\/wp\/v2\/pages\/676\/revisions\/680"}],"up":[{"embeddable":true,"href":"https:\/\/carlosferridrc.com\/index.php?rest_route=\/wp\/v2\/pages\/519"}],"wp:attachment":[{"href":"https:\/\/carlosferridrc.com\/index.php?rest_route=%2Fwp%2Fv2%2Fmedia&parent=676"}],"curies":[{"name":"wp","href":"https:\/\/api.w.org\/{rel}","templated":true}]}}